{"id":3,"date":"2024-02-05T11:10:55","date_gmt":"2024-02-05T11:10:55","guid":{"rendered":"https:\/\/bendisagency.pt\/?page_id=3"},"modified":"2024-05-01T21:49:50","modified_gmt":"2024-05-01T20:49:50","slug":"privacy-policy","status":"publish","type":"page","link":"https:\/\/bendisagency.pt\/en\/privacy-policy\/","title":{"rendered":"Privacy Policy"},"content":{"rendered":"<div style=\"height:100px\" aria-hidden=\"true\" class=\"wp-block-spacer\"><\/div>\n\n\n\n<p>A sua privacidade \u00e9 importante para n\u00f3s. \u00c9 pol\u00edtica da Bendis respeitar a sua privacidade em rela\u00e7\u00e3o a qualquer informa\u00e7\u00e3o sua que possamos coletar no site\u00a0<a href=\"https:\/\/bendisagency.pt\/en\/\">Bendis<\/a>, and other sites we own and operate.<\/p>\n\n\n\n<p>We only ask for personal information when we truly need it to provide a service to you. We collect it by fair and lawful means, with your knowledge and consent. We also let you know why we\u2019re collecting it and how it will be used.<\/p>\n\n\n\n<p>We only retain collected information for as long as necessary to provide you with your requested service. What data we store, we\u2019ll protect within commercially acceptable means to prevent loss and theft, as well as unauthorised access, disclosure, copying, use or modification.<\/p>\n\n\n\n<p>We don\u2019t share any personally identifying information publicly or with third-parties, except when required to by law.<\/p>\n\n\n\n<p>Our website may link to external sites that are not operated by us. Please be aware that we have no control over the content and practices of these sites, and cannot accept responsibility or liability for their respective privacy policies.<\/p>\n\n\n\n<p>You are free to refuse our request for your personal information, with the understanding that we may be unable to provide you with some of your desired services.<\/p>\n\n\n\n<p>Your continued use of our website will be regarded as acceptance of our practices around privacy and personal information. If you have any questions about how we handle user data and personal information, feel free to contact us.<\/p>\n\n\n\n<h3 class=\"wp-block-heading\">User's responsibilities<\/h3>\n\n\n\n<p>The user undertakes the responsibility to make appropriate use of the contents and information offered on the site with enunciative, but not imitative, behaviour:<\/p>\n\n\n\n<p>A) Not to engage in activities that are illegal or contrary to good faith and public order;<\/p>\n\n\n\n<p>B) Not to spread propaganda or content of a racist, xenophobic or gambling nature, any type of illegal pornography, terrorist claims or against human rights;<\/p>\n\n\n\n<p>C) Do not cause damage to physical systems (hardware) and unattainable (software) of Bendis, its suppliers or third parties, to introduce or disseminate computer viruses or any other hardware or software systems that are capable of causing damage previously mentioned.<\/p>\n\n\n\n<h3 class=\"wp-block-heading\">More information<\/h3>\n\n\n\n<p>Hopefully that has clarified things for you and as was previously mentioned if there is something that you aren't sure whether you need or not it's usually safer to leave cookies enabled in case it does interact with one of the features you use on our site.<\/p>\n\n\n\n<p>This policy is effective as of 1 May 2024<\/p>\n\n\n\n<div style=\"height:100px\" aria-hidden=\"true\" class=\"wp-block-spacer\"><\/div>","protected":false},"excerpt":{"rendered":"<p>A sua privacidade \u00e9 importante para n\u00f3s. \u00c9 pol\u00edtica da Bendis respeitar a sua privacidade em rela\u00e7\u00e3o a qualquer informa\u00e7\u00e3o sua que [&hellip;]<\/p>","protected":false},"author":1,"featured_media":0,"parent":0,"menu_order":0,"comment_status":"closed","ping_status":"open","template":"","meta":{"footnotes":""},"class_list":["post-3","page","type-page","status-publish","hentry"],"yoast_head":"<!-- This site is optimized with the Yoast SEO plugin v27.5 - https:\/\/yoast.com\/product\/yoast-seo-wordpress\/ -->\n<title>Pol\u00edtica de Privacidade - Bendis Agency<\/title>\n<meta name=\"robots\" content=\"index, follow, max-snippet:-1, max-image-preview:large, max-video-preview:-1\" \/>\n<link rel=\"canonical\" href=\"https:\/\/bendisagency.pt\/en\/privacy-policy\/\" \/>\n<meta property=\"og:locale\" content=\"en_US\" \/>\n<meta property=\"og:type\" content=\"article\" \/>\n<meta property=\"og:title\" content=\"Pol\u00edtica de Privacidade - Bendis Agency\" \/>\n<meta property=\"og:description\" content=\"A sua privacidade \u00e9 importante para n\u00f3s. \u00c9 pol\u00edtica da Bendis respeitar a sua privacidade em rela\u00e7\u00e3o a qualquer informa\u00e7\u00e3o sua que [&hellip;]\" \/>\n<meta property=\"og:url\" content=\"https:\/\/bendisagency.pt\/en\/privacy-policy\/\" \/>\n<meta property=\"og:site_name\" content=\"Bendis Agency\" \/>\n<meta property=\"article:modified_time\" content=\"2024-05-01T20:49:50+00:00\" \/>\n<meta name=\"twitter:card\" content=\"summary_large_image\" \/>\n<meta name=\"twitter:label1\" content=\"Est. reading time\" \/>\n\t<meta name=\"twitter:data1\" content=\"3 minutes\" \/>\n<script type=\"application\/ld+json\" class=\"yoast-schema-graph\">{\"@context\":\"https:\\\/\\\/schema.org\",\"@graph\":[{\"@type\":\"WebPage\",\"@id\":\"https:\\\/\\\/bendisagency.pt\\\/privacy-policy\\\/\",\"url\":\"https:\\\/\\\/bendisagency.pt\\\/privacy-policy\\\/\",\"name\":\"Pol\u00edtica de Privacidade - Bendis Agency\",\"isPartOf\":{\"@id\":\"https:\\\/\\\/bendisagency.pt\\\/#website\"},\"datePublished\":\"2024-02-05T11:10:55+00:00\",\"dateModified\":\"2024-05-01T20:49:50+00:00\",\"breadcrumb\":{\"@id\":\"https:\\\/\\\/bendisagency.pt\\\/privacy-policy\\\/#breadcrumb\"},\"inLanguage\":\"en-US\",\"potentialAction\":[{\"@type\":\"ReadAction\",\"target\":[\"https:\\\/\\\/bendisagency.pt\\\/privacy-policy\\\/\"]}]},{\"@type\":\"BreadcrumbList\",\"@id\":\"https:\\\/\\\/bendisagency.pt\\\/privacy-policy\\\/#breadcrumb\",\"itemListElement\":[{\"@type\":\"ListItem\",\"position\":1,\"name\":\"In\u00edcio\",\"item\":\"https:\\\/\\\/bendisagency.pt\\\/\"},{\"@type\":\"ListItem\",\"position\":2,\"name\":\"Pol\u00edtica de Privacidade\"}]},{\"@type\":\"WebSite\",\"@id\":\"https:\\\/\\\/bendisagency.pt\\\/#website\",\"url\":\"https:\\\/\\\/bendisagency.pt\\\/\",\"name\":\"Bendis\",\"description\":\"Ag\u00eancia de Marketing Digital com solu\u00e7\u00f5es para os objetivos do seu projecto\",\"publisher\":{\"@id\":\"https:\\\/\\\/bendisagency.pt\\\/#organization\"},\"alternateName\":\"Ag\u00eancia Bendis\",\"potentialAction\":[{\"@type\":\"SearchAction\",\"target\":{\"@type\":\"EntryPoint\",\"urlTemplate\":\"https:\\\/\\\/bendisagency.pt\\\/?s={search_term_string}\"},\"query-input\":{\"@type\":\"PropertyValueSpecification\",\"valueRequired\":true,\"valueName\":\"search_term_string\"}}],\"inLanguage\":\"en-US\"},{\"@type\":\"Organization\",\"@id\":\"https:\\\/\\\/bendisagency.pt\\\/#organization\",\"name\":\"Bendis Agency\",\"alternateName\":\"Ag\u00eancia Bendis\",\"url\":\"https:\\\/\\\/bendisagency.pt\\\/\",\"logo\":{\"@type\":\"ImageObject\",\"inLanguage\":\"en-US\",\"@id\":\"https:\\\/\\\/bendisagency.pt\\\/#\\\/schema\\\/logo\\\/image\\\/\",\"url\":\"https:\\\/\\\/bendisagency.pt\\\/wp-content\\\/uploads\\\/2024\\\/04\\\/B_simbol.webp\",\"contentUrl\":\"https:\\\/\\\/bendisagency.pt\\\/wp-content\\\/uploads\\\/2024\\\/04\\\/B_simbol.webp\",\"width\":783,\"height\":900,\"caption\":\"Bendis Agency\"},\"image\":{\"@id\":\"https:\\\/\\\/bendisagency.pt\\\/#\\\/schema\\\/logo\\\/image\\\/\"},\"sameAs\":[\"https:\\\/\\\/www.instagram.com\\\/bendisagency\\\/\"]}]}<\/script>\n<!-- \/ Yoast SEO plugin. -->","yoast_head_json":{"title":"Pol\u00edtica de Privacidade - Bendis Agency","robots":{"index":"index","follow":"follow","max-snippet":"max-snippet:-1","max-image-preview":"max-image-preview:large","max-video-preview":"max-video-preview:-1"},"canonical":"https:\/\/bendisagency.pt\/en\/privacy-policy\/","og_locale":"en_US","og_type":"article","og_title":"Pol\u00edtica de Privacidade - Bendis Agency","og_description":"A sua privacidade \u00e9 importante para n\u00f3s. \u00c9 pol\u00edtica da Bendis respeitar a sua privacidade em rela\u00e7\u00e3o a qualquer informa\u00e7\u00e3o sua que [&hellip;]","og_url":"https:\/\/bendisagency.pt\/en\/privacy-policy\/","og_site_name":"Bendis Agency","article_modified_time":"2024-05-01T20:49:50+00:00","twitter_card":"summary_large_image","twitter_misc":{"Est. reading time":"3 minutes"},"schema":{"@context":"https:\/\/schema.org","@graph":[{"@type":"WebPage","@id":"https:\/\/bendisagency.pt\/privacy-policy\/","url":"https:\/\/bendisagency.pt\/privacy-policy\/","name":"Pol\u00edtica de Privacidade - Bendis Agency","isPartOf":{"@id":"https:\/\/bendisagency.pt\/#website"},"datePublished":"2024-02-05T11:10:55+00:00","dateModified":"2024-05-01T20:49:50+00:00","breadcrumb":{"@id":"https:\/\/bendisagency.pt\/privacy-policy\/#breadcrumb"},"inLanguage":"en-US","potentialAction":[{"@type":"ReadAction","target":["https:\/\/bendisagency.pt\/privacy-policy\/"]}]},{"@type":"BreadcrumbList","@id":"https:\/\/bendisagency.pt\/privacy-policy\/#breadcrumb","itemListElement":[{"@type":"ListItem","position":1,"name":"In\u00edcio","item":"https:\/\/bendisagency.pt\/"},{"@type":"ListItem","position":2,"name":"Pol\u00edtica de Privacidade"}]},{"@type":"WebSite","@id":"https:\/\/bendisagency.pt\/#website","url":"https:\/\/bendisagency.pt\/","name":"Bendis","description":"Ag\u00eancia de Marketing Digital com solu\u00e7\u00f5es para os objetivos do seu projecto","publisher":{"@id":"https:\/\/bendisagency.pt\/#organization"},"alternateName":"Ag\u00eancia Bendis","potentialAction":[{"@type":"SearchAction","target":{"@type":"EntryPoint","urlTemplate":"https:\/\/bendisagency.pt\/?s={search_term_string}"},"query-input":{"@type":"PropertyValueSpecification","valueRequired":true,"valueName":"search_term_string"}}],"inLanguage":"en-US"},{"@type":"Organization","@id":"https:\/\/bendisagency.pt\/#organization","name":"Bendis Agency","alternateName":"Ag\u00eancia Bendis","url":"https:\/\/bendisagency.pt\/","logo":{"@type":"ImageObject","inLanguage":"en-US","@id":"https:\/\/bendisagency.pt\/#\/schema\/logo\/image\/","url":"https:\/\/bendisagency.pt\/wp-content\/uploads\/2024\/04\/B_simbol.webp","contentUrl":"https:\/\/bendisagency.pt\/wp-content\/uploads\/2024\/04\/B_simbol.webp","width":783,"height":900,"caption":"Bendis Agency"},"image":{"@id":"https:\/\/bendisagency.pt\/#\/schema\/logo\/image\/"},"sameAs":["https:\/\/www.instagram.com\/bendisagency\/"]}]}},"_links":{"self":[{"href":"https:\/\/bendisagency.pt\/en\/wp-json\/wp\/v2\/pages\/3","targetHints":{"allow":["GET"]}}],"collection":[{"href":"https:\/\/bendisagency.pt\/en\/wp-json\/wp\/v2\/pages"}],"about":[{"href":"https:\/\/bendisagency.pt\/en\/wp-json\/wp\/v2\/types\/page"}],"author":[{"embeddable":true,"href":"https:\/\/bendisagency.pt\/en\/wp-json\/wp\/v2\/users\/1"}],"replies":[{"embeddable":true,"href":"https:\/\/bendisagency.pt\/en\/wp-json\/wp\/v2\/comments?post=3"}],"version-history":[{"count":5,"href":"https:\/\/bendisagency.pt\/en\/wp-json\/wp\/v2\/pages\/3\/revisions"}],"predecessor-version":[{"id":1119,"href":"https:\/\/bendisagency.pt\/en\/wp-json\/wp\/v2\/pages\/3\/revisions\/1119"}],"wp:attachment":[{"href":"https:\/\/bendisagency.pt\/en\/wp-json\/wp\/v2\/media?parent=3"}],"curies":[{"name":"wp","href":"https:\/\/api.w.org\/{rel}","templated":true}]}}